{"id":1800,"date":"2023-08-08T16:41:59","date_gmt":"2023-08-08T15:41:59","guid":{"rendered":"https:\/\/flowfineart.com\/kontakt\/"},"modified":"2023-09-18T14:01:44","modified_gmt":"2023-09-18T13:01:44","slug":"kontakt","status":"publish","type":"page","link":"https:\/\/flowfineart.com\/de\/kontakt\/","title":{"rendered":"KONTAKT"},"content":{"rendered":"\t\t<div data-elementor-type=\"wp-page\" data-elementor-id=\"1800\" class=\"elementor elementor-1800 elementor-47\" data-elementor-post-type=\"page\">\n\t\t\t\t\t\t<section class=\"elementor-section elementor-top-section elementor-element elementor-element-ae1da6a elementor-section-boxed elementor-section-height-default elementor-section-height-default\" data-id=\"ae1da6a\" data-element_type=\"section\" data-e-type=\"section\" data-settings=\"{&quot;jet_parallax_layout_list&quot;:[]}\">\n\t\t\t\t\t\t<div class=\"elementor-container elementor-column-gap-default\">\n\t\t\t\t\t<div class=\"elementor-column elementor-col-100 elementor-top-column elementor-element elementor-element-b340431\" data-id=\"b340431\" data-element_type=\"column\" data-e-type=\"column\">\n\t\t\t<div class=\"elementor-widget-wrap elementor-element-populated\">\n\t\t\t\t\t\t<div class=\"elementor-element elementor-element-c449118 elementor-widget elementor-widget-heading\" data-id=\"c449118\" data-element_type=\"widget\" data-e-type=\"widget\" data-widget_type=\"heading.default\">\n\t\t\t\t<div class=\"elementor-widget-container\">\n\t\t\t\t\t<h2 class=\"elementor-heading-title elementor-size-default\">KONTAKT<\/h2>\t\t\t\t<\/div>\n\t\t\t\t<\/div>\n\t\t\t\t\t<\/div>\n\t\t<\/div>\n\t\t\t\t\t<\/div>\n\t\t<\/section>\n\t\t\t\t<section class=\"elementor-section elementor-top-section elementor-element elementor-element-565fead elementor-section-boxed elementor-section-height-default elementor-section-height-default\" data-id=\"565fead\" data-element_type=\"section\" data-e-type=\"section\" data-settings=\"{&quot;jet_parallax_layout_list&quot;:[]}\">\n\t\t\t\t\t\t<div class=\"elementor-container elementor-column-gap-default\">\n\t\t\t\t\t<div class=\"elementor-column elementor-col-50 elementor-top-column elementor-element elementor-element-3ccbb98\" data-id=\"3ccbb98\" data-element_type=\"column\" data-e-type=\"column\">\n\t\t\t<div class=\"elementor-widget-wrap elementor-element-populated\">\n\t\t\t\t\t\t<div class=\"elementor-element elementor-element-528d4f0 elementor-widget elementor-widget-image\" data-id=\"528d4f0\" data-element_type=\"widget\" data-e-type=\"widget\" data-widget_type=\"image.default\">\n\t\t\t\t<div class=\"elementor-widget-container\">\n\t\t\t\t\t\t\t\t\t\t\t\t\t\t\t<img fetchpriority=\"high\" decoding=\"async\" width=\"325\" height=\"450\" src=\"https:\/\/mlqxxauroeer.i.optimole.com\/cb:8oVH.50809\/w:auto\/h:auto\/q:mauto\/f:avif\/https:\/\/flowfineart.com\/wp-content\/uploads\/2023\/08\/radha-1.jpg\" class=\"attachment-large size-large wp-image-982\" alt=\"\" \/>\t\t\t\t\t\t\t\t\t\t\t\t\t\t\t<\/div>\n\t\t\t\t<\/div>\n\t\t\t\t\t<\/div>\n\t\t<\/div>\n\t\t\t\t<div class=\"elementor-column elementor-col-50 elementor-top-column elementor-element elementor-element-6aa32e5\" data-id=\"6aa32e5\" data-element_type=\"column\" data-e-type=\"column\">\n\t\t\t<div class=\"elementor-widget-wrap elementor-element-populated\">\n\t\t\t\t\t\t<div class=\"elementor-element elementor-element-cec63d3 elementor-widget elementor-widget-text-editor\" data-id=\"cec63d3\" data-element_type=\"widget\" data-e-type=\"widget\" data-widget_type=\"text-editor.default\">\n\t\t\t\t<div class=\"elementor-widget-container\">\n\t\t\t\t\t\t\t\t\t<h4>Galerie Flow Fine Art<br \/>Sandra Wenderhold<\/h4>\n\t\t\t\t\t\t\t\t<\/div>\n\t\t\t\t<\/div>\n\t\t\t\t<div class=\"elementor-element elementor-element-5b6d86d elementor-widget elementor-widget-text-editor\" data-id=\"5b6d86d\" data-element_type=\"widget\" data-e-type=\"widget\" data-widget_type=\"text-editor.default\">\n\t\t\t\t<div class=\"elementor-widget-container\">\n\t\t\t\t\t\t\t\t\t<p>Rheinstr.54<br \/>51371 Hitdorf am Rhein<br \/>zwischen K\u00f6ln und D\u00fcsseldorf<br \/>Deutschland<\/p>\n<p>Tel +49 (0)2173 40 499999<br \/>Fax +49 (0)2173 4099205<\/p>\n<p><a>office@flowfineart.com<\/a><br \/><a href=\"http:\/\/flowfineart.com\/\">www.flowfineart.com<\/a><\/p>\n<p><b>\u00d6ffungszeiten:<\/b><br \/>Samstag, Sonntag, 15 &#8211; 18 Uhr<\/p>\n\t\t\t\t\t\t\t\t<\/div>\n\t\t\t\t<\/div>\n\t\t\t\t\t<\/div>\n\t\t<\/div>\n\t\t\t\t\t<\/div>\n\t\t<\/section>\n\t\t\t\t<section class=\"elementor-section elementor-top-section elementor-element elementor-element-76a3f1a elementor-section-boxed elementor-section-height-default elementor-section-height-default\" data-id=\"76a3f1a\" data-element_type=\"section\" data-e-type=\"section\" data-settings=\"{&quot;jet_parallax_layout_list&quot;:[]}\">\n\t\t\t\t\t\t<div class=\"elementor-container elementor-column-gap-default\">\n\t\t\t\t\t<div class=\"elementor-column elementor-col-100 elementor-top-column elementor-element elementor-element-cc48e5f\" data-id=\"cc48e5f\" data-element_type=\"column\" data-e-type=\"column\">\n\t\t\t<div class=\"elementor-widget-wrap elementor-element-populated\">\n\t\t\t\t\t\t<div class=\"elementor-element elementor-element-518c375 elementor-widget elementor-widget-heading\" data-id=\"518c375\" data-element_type=\"widget\" data-e-type=\"widget\" data-widget_type=\"heading.default\">\n\t\t\t\t<div class=\"elementor-widget-container\">\n\t\t\t\t\t<h2 class=\"elementor-heading-title elementor-size-default\">WIE WIR ZU FINDEN SIND<\/h2>\t\t\t\t<\/div>\n\t\t\t\t<\/div>\n\t\t\t\t<div class=\"elementor-element elementor-element-21bf816 elementor-widget elementor-widget-google_maps\" data-id=\"21bf816\" data-element_type=\"widget\" data-e-type=\"widget\" data-widget_type=\"google_maps.default\">\n\t\t\t\t<div class=\"elementor-widget-container\">\n\t\t\t\t\t\t\t<div class=\"elementor-custom-embed\">\n\t\t\t<iframe loading=\"lazy\"\n\t\t\t\t\tsrc=\"https:\/\/maps.google.com\/maps?q=Galerie%20flow%20fine%20art%20Leverkusen&#038;t=m&#038;z=8&#038;output=embed&#038;iwloc=near\"\n\t\t\t\t\ttitle=\"Galerie flow fine art Leverkusen\"\n\t\t\t\t\taria-label=\"Galerie flow fine art Leverkusen\"\n\t\t\t><\/iframe>\n\t\t<\/div>\n\t\t\t\t\t\t<\/div>\n\t\t\t\t<\/div>\n\t\t\t\t<div class=\"elementor-element elementor-element-731ac8d elementor-widget elementor-widget-text-editor\" data-id=\"731ac8d\" data-element_type=\"widget\" data-e-type=\"widget\" data-widget_type=\"text-editor.default\">\n\t\t\t\t<div class=\"elementor-widget-container\">\n\t\t\t\t\t\t\t\t\t<p><strong>Mit dem Auto von K\u00f6ln:<\/strong><\/p><ul><li>&#8211; Aus Richtung K\u00f6ln Zentrum kommend, nehmen Sie die A57 Richtung Krefeld, dann die A1 Richtung Dortmund bis zum Autobahnkreuz &#8222;Leverkusen-West&#8220;.<br \/>&#8211; Wenn Sie aus dem K\u00f6lner Osten kommen, nehmen Sie die A3 Richtung Oberhausen, dann die A1 Richtung Koblenz\/D\u00fcsseldorf bis zur n\u00e4chsten Ausfahrt (Kreuz &#8222;Leverkusen-West&#8220;)<\/li><li>Am Autobahnkreuz &#8222;Leverkusen-West&#8220; auf die A59 Richtung D\u00fcsseldorf<\/li><li>Nehmen Sie die erste Ausfahrt (Nr. 27) Rheindorf\/Hitdorf, dann rechts abbiegen Richtung Hitdorf<\/li><li>In Hitdorf 100m nach der Bft-Tankstelle am Schild &#8222;F\u00e4hre K\u00f6ln-Langel&#8220; links abbiegen<\/li><li>Biegen Sie die 2. Stra\u00dfe rechts ab (Wiesenstr.), ca. 200m geradeaus am Rhein entlang bis Nr. 54. Sie k\u00f6nnen auf der linken Seite am Yachthafen parken.<\/li><\/ul><p><b><br \/>Mit dem Auto von D\u00fcsseldorf:<\/b><\/p><ul><li>A59 Richtung Leverkusen<\/li><li>Am Autobahnkreuz &#8222;Monheim-S\u00fcd&#8220; die Ausfahrt &#8222;Hitdorf&#8220; nehmen, dann links abbiegen Richtung Hitdorf (Langenfelder Str.)<\/li><li>Nach 3 km in Hitdorf fahren Sie geradeaus \u00fcber die Hauptstra\u00dfe (Hitdorfer Str.), bis Sie zum Rhein kommen.<\/li><li>Biegen Sie rechts ab bis zur Nr. 54. Sie k\u00f6nnen auf der linken Seite am Yachthafen parken.<\/li><\/ul><p><b><br \/>Mit dem Zug:<\/b><\/p><ul><li>S6 von K\u00f6ln (17 Min.) oder D\u00fcsseldorf nach Leverkusen-Mitte<\/li><li>Bus SB23 Richtung Monheim (17 min).<br \/>Nach 20 Uhr oder am Wochenende zuerst Bus 211 bis &#8222;Rheindorf-P\u00fctzdelle&#8220; nehmen, in der Regel 5 Minuten warten und dann Bus 233.<\/li><li>Ausfahrt in Hitdorf, Haltestelle &#8222;Werftstra\u00dfe&#8220;<\/li><li>die Werftstra\u00dfe in Richtung Rhein hinunterfahren, dann links den Rhein entlang fahren<\/li><li>Nach ca. 50m Haus Nr. 54.<br \/><a href=\"http:\/\/www.vrs-info.de\/\" target=\"_blank\" rel=\"noopener\">\u00bb Fahrpl\u00e4ne hier<\/a><\/li><li>Sie k\u00f6nnen auch in Leverkusen-Rheindorf aus der S6 aussteigen und uns anrufen, wir holen Sie dann ab.<\/li><\/ul><p><strong><br \/>Mit der F\u00e4hre:<\/strong><\/p><ul><li>von K\u00f6ln Stra\u00dfenbahn N12 bis Termimus Merkenich<\/li><li>Bus 121, 10 Minuten bis zur Endhaltestelle &#8222;K\u00f6ln Langel F\u00e4hre&#8220;.<\/li><li>F\u00e4hre (4 Min.) 1 Eur\/Person oder 3 Eur\/Auto mit einer Person (bis 20 Uhr, im Winter bis 19 Uhr)<\/li><li>biegen Sie links ab und gehen Sie ca. 5 Minuten zu Fu\u00df.<\/li><\/ul><p><b><br \/>Mit dem Flugzeug:<\/b><\/p><ul><li>Flughafen K\u00f6ln (K\u00f6ln-Bonn) oder D\u00fcsseldorf international<\/li><li>G\u00fcnstige Linien sind <a href=\"http:\/\/www.germanwings.com\/\">Germanwings<\/a> oder <a href=\"http:\/\/www.easyjet.com\/\">Easyjet<\/a><\/li><li>Vom Flughafen K\u00f6ln aus ist es einfach, den Zug zu nehmen: S13 bis K\u00f6ln-Deutz, dann S6 bis Leverkusen-Rheindorf oder Leverkusen-Mitte.<\/li><\/ul><p><b><br \/>Willkommen!<\/b><\/p>\t\t\t\t\t\t\t\t<\/div>\n\t\t\t\t<\/div>\n\t\t\t\t\t<\/div>\n\t\t<\/div>\n\t\t\t\t\t<\/div>\n\t\t<\/section>\n\t\t\t\t<\/div>\n\t\t","protected":false},"excerpt":{"rendered":"<p>KONTAKT Galerie Flow Fine ArtSandra Wenderhold Rheinstr.5451371 Hitdorf am Rheinzwischen K\u00f6ln und D\u00fcsseldorfDeutschland Tel +49 (0)2173 40 499999Fax +49 (0)2173 4099205 office@flowfineart.comwww.flowfineart.com \u00d6ffungszeiten:Samstag, Sonntag, 15 &#8211; 18 Uhr WIE WIR ZU FINDEN SIND Mit dem Auto von K\u00f6ln: &#8211; Aus Richtung K\u00f6ln Zentrum kommend, nehmen Sie die A57 Richtung Krefeld, dann die A1 Richtung Dortmund [&hellip;]<\/p>\n","protected":false},"author":1,"featured_media":0,"parent":0,"menu_order":0,"comment_status":"closed","ping_status":"closed","template":"","meta":{"footnotes":""},"class_list":["post-1800","page","type-page","status-publish","hentry"],"yoast_head":"<!-- This site is optimized with the Yoast SEO plugin v24.9 - https:\/\/yoast.com\/wordpress\/plugins\/seo\/ -->\n<title>KONTAKT - Flow Fine Art<\/title>\n<meta name=\"robots\" content=\"index, follow, max-snippet:-1, max-image-preview:large, max-video-preview:-1\" \/>\n<link rel=\"canonical\" href=\"https:\/\/flowfineart.com\/kontakt\/\" \/>\n<meta property=\"og:locale\" content=\"de_DE\" \/>\n<meta property=\"og:type\" content=\"article\" \/>\n<meta property=\"og:title\" content=\"KONTAKT - Flow Fine Art\" \/>\n<meta property=\"og:description\" content=\"KONTAKT Galerie Flow Fine ArtSandra Wenderhold Rheinstr.5451371 Hitdorf am Rheinzwischen K\u00f6ln und D\u00fcsseldorfDeutschland Tel +49 (0)2173 40 499999Fax +49 (0)2173 4099205 office@flowfineart.comwww.flowfineart.com \u00d6ffungszeiten:Samstag, Sonntag, 15 &#8211; 18 Uhr WIE WIR ZU FINDEN SIND Mit dem Auto von K\u00f6ln: &#8211; Aus Richtung K\u00f6ln Zentrum kommend, nehmen Sie die A57 Richtung Krefeld, dann die A1 Richtung Dortmund [&hellip;]\" \/>\n<meta property=\"og:url\" content=\"https:\/\/flowfineart.com\/kontakt\/\" \/>\n<meta property=\"og:site_name\" content=\"Flow Fine Art\" \/>\n<meta property=\"article:modified_time\" content=\"2023-09-18T13:01:44+00:00\" \/>\n<meta property=\"og:image\" content=\"https:\/\/mlqxxauroeer.i.optimole.com\/cb:8oVH.50809\/w:auto\/h:auto\/q:mauto\/f:avif\/https:\/\/flowfineart.com\/wp-content\/uploads\/2023\/08\/radha-1.jpg\" \/>\n<meta name=\"twitter:card\" content=\"summary_large_image\" \/>\n<meta name=\"twitter:label1\" content=\"Gesch\u00e4tzte Lesezeit\" \/>\n\t<meta name=\"twitter:data1\" content=\"2\u00a0Minuten\" \/>\n<script type=\"application\/ld+json\" class=\"yoast-schema-graph\">{\"@context\":\"https:\/\/schema.org\",\"@graph\":[{\"@type\":\"WebPage\",\"@id\":\"https:\/\/flowfineart.com\/kontakt\/\",\"url\":\"https:\/\/flowfineart.com\/kontakt\/\",\"name\":\"KONTAKT - Flow Fine Art\",\"isPartOf\":{\"@id\":\"https:\/\/flowfineart.com\/#website\"},\"primaryImageOfPage\":{\"@id\":\"https:\/\/flowfineart.com\/kontakt\/#primaryimage\"},\"image\":{\"@id\":\"https:\/\/flowfineart.com\/kontakt\/#primaryimage\"},\"thumbnailUrl\":\"https:\/\/mlqxxauroeer.i.optimole.com\/cb:8oVH.50809\/w:auto\/h:auto\/q:mauto\/f:avif\/https:\/\/flowfineart.com\/wp-content\/uploads\/2023\/08\/radha-1.jpg\",\"datePublished\":\"2023-08-08T15:41:59+00:00\",\"dateModified\":\"2023-09-18T13:01:44+00:00\",\"breadcrumb\":{\"@id\":\"https:\/\/flowfineart.com\/kontakt\/#breadcrumb\"},\"inLanguage\":\"de\",\"potentialAction\":[{\"@type\":\"ReadAction\",\"target\":[\"https:\/\/flowfineart.com\/kontakt\/\"]}]},{\"@type\":\"ImageObject\",\"inLanguage\":\"de\",\"@id\":\"https:\/\/flowfineart.com\/kontakt\/#primaryimage\",\"url\":\"https:\/\/mlqxxauroeer.i.optimole.com\/cb:8oVH.50809\/w:auto\/h:auto\/q:mauto\/f:avif\/https:\/\/flowfineart.com\/wp-content\/uploads\/2023\/08\/radha-1.jpg\",\"contentUrl\":\"https:\/\/mlqxxauroeer.i.optimole.com\/cb:8oVH.50809\/w:auto\/h:auto\/q:mauto\/f:avif\/https:\/\/flowfineart.com\/wp-content\/uploads\/2023\/08\/radha-1.jpg\"},{\"@type\":\"BreadcrumbList\",\"@id\":\"https:\/\/flowfineart.com\/kontakt\/#breadcrumb\",\"itemListElement\":[{\"@type\":\"ListItem\",\"position\":1,\"name\":\"Home\",\"item\":\"https:\/\/flowfineart.com\/de\/\"},{\"@type\":\"ListItem\",\"position\":2,\"name\":\"KONTAKT\"}]},{\"@type\":\"WebSite\",\"@id\":\"https:\/\/flowfineart.com\/#website\",\"url\":\"https:\/\/flowfineart.com\/\",\"name\":\"FlowFineArt\",\"description\":\"Kunst aus innerer Stille\",\"publisher\":{\"@id\":\"https:\/\/flowfineart.com\/#organization\"},\"potentialAction\":[{\"@type\":\"SearchAction\",\"target\":{\"@type\":\"EntryPoint\",\"urlTemplate\":\"https:\/\/flowfineart.com\/?s={search_term_string}\"},\"query-input\":{\"@type\":\"PropertyValueSpecification\",\"valueRequired\":true,\"valueName\":\"search_term_string\"}}],\"inLanguage\":\"de\"},{\"@type\":\"Organization\",\"@id\":\"https:\/\/flowfineart.com\/#organization\",\"name\":\"FlowFineArt\",\"url\":\"https:\/\/flowfineart.com\/\",\"logo\":{\"@type\":\"ImageObject\",\"inLanguage\":\"de\",\"@id\":\"https:\/\/flowfineart.com\/#\/schema\/logo\/image\/\",\"url\":\"https:\/\/mlqxxauroeer.i.optimole.com\/cb:8oVH.50809\/w:auto\/h:auto\/q:mauto\/f:avif\/https:\/\/flowfineart.com\/wp-content\/uploads\/2023\/08\/Flow-Fine-Art-Logo.png\",\"contentUrl\":\"https:\/\/mlqxxauroeer.i.optimole.com\/cb:8oVH.50809\/w:auto\/h:auto\/q:mauto\/f:avif\/https:\/\/flowfineart.com\/wp-content\/uploads\/2023\/08\/Flow-Fine-Art-Logo.png\",\"width\":1228,\"height\":372,\"caption\":\"FlowFineArt\"},\"image\":{\"@id\":\"https:\/\/flowfineart.com\/#\/schema\/logo\/image\/\"}}]}<\/script>\n<!-- \/ Yoast SEO plugin. -->","yoast_head_json":{"title":"KONTAKT - Flow Fine Art","robots":{"index":"index","follow":"follow","max-snippet":"max-snippet:-1","max-image-preview":"max-image-preview:large","max-video-preview":"max-video-preview:-1"},"canonical":"https:\/\/flowfineart.com\/kontakt\/","og_locale":"de_DE","og_type":"article","og_title":"KONTAKT - Flow Fine Art","og_description":"KONTAKT Galerie Flow Fine ArtSandra Wenderhold Rheinstr.5451371 Hitdorf am Rheinzwischen K\u00f6ln und D\u00fcsseldorfDeutschland Tel +49 (0)2173 40 499999Fax +49 (0)2173 4099205 office@flowfineart.comwww.flowfineart.com \u00d6ffungszeiten:Samstag, Sonntag, 15 &#8211; 18 Uhr WIE WIR ZU FINDEN SIND Mit dem Auto von K\u00f6ln: &#8211; Aus Richtung K\u00f6ln Zentrum kommend, nehmen Sie die A57 Richtung Krefeld, dann die A1 Richtung Dortmund [&hellip;]","og_url":"https:\/\/flowfineart.com\/kontakt\/","og_site_name":"Flow Fine Art","article_modified_time":"2023-09-18T13:01:44+00:00","og_image":[{"url":"https:\/\/mlqxxauroeer.i.optimole.com\/cb:8oVH.50809\/w:auto\/h:auto\/q:mauto\/f:avif\/https:\/\/flowfineart.com\/wp-content\/uploads\/2023\/08\/radha-1.jpg","type":"","width":"","height":""}],"twitter_card":"summary_large_image","twitter_misc":{"Gesch\u00e4tzte Lesezeit":"2\u00a0Minuten"},"schema":{"@context":"https:\/\/schema.org","@graph":[{"@type":"WebPage","@id":"https:\/\/flowfineart.com\/kontakt\/","url":"https:\/\/flowfineart.com\/kontakt\/","name":"KONTAKT - Flow Fine Art","isPartOf":{"@id":"https:\/\/flowfineart.com\/#website"},"primaryImageOfPage":{"@id":"https:\/\/flowfineart.com\/kontakt\/#primaryimage"},"image":{"@id":"https:\/\/flowfineart.com\/kontakt\/#primaryimage"},"thumbnailUrl":"https:\/\/mlqxxauroeer.i.optimole.com\/cb:8oVH.50809\/w:auto\/h:auto\/q:mauto\/f:avif\/https:\/\/flowfineart.com\/wp-content\/uploads\/2023\/08\/radha-1.jpg","datePublished":"2023-08-08T15:41:59+00:00","dateModified":"2023-09-18T13:01:44+00:00","breadcrumb":{"@id":"https:\/\/flowfineart.com\/kontakt\/#breadcrumb"},"inLanguage":"de","potentialAction":[{"@type":"ReadAction","target":["https:\/\/flowfineart.com\/kontakt\/"]}]},{"@type":"ImageObject","inLanguage":"de","@id":"https:\/\/flowfineart.com\/kontakt\/#primaryimage","url":"https:\/\/mlqxxauroeer.i.optimole.com\/cb:8oVH.50809\/w:auto\/h:auto\/q:mauto\/f:avif\/https:\/\/flowfineart.com\/wp-content\/uploads\/2023\/08\/radha-1.jpg","contentUrl":"https:\/\/mlqxxauroeer.i.optimole.com\/cb:8oVH.50809\/w:auto\/h:auto\/q:mauto\/f:avif\/https:\/\/flowfineart.com\/wp-content\/uploads\/2023\/08\/radha-1.jpg"},{"@type":"BreadcrumbList","@id":"https:\/\/flowfineart.com\/kontakt\/#breadcrumb","itemListElement":[{"@type":"ListItem","position":1,"name":"Home","item":"https:\/\/flowfineart.com\/de\/"},{"@type":"ListItem","position":2,"name":"KONTAKT"}]},{"@type":"WebSite","@id":"https:\/\/flowfineart.com\/#website","url":"https:\/\/flowfineart.com\/","name":"FlowFineArt","description":"Kunst aus innerer Stille","publisher":{"@id":"https:\/\/flowfineart.com\/#organization"},"potentialAction":[{"@type":"SearchAction","target":{"@type":"EntryPoint","urlTemplate":"https:\/\/flowfineart.com\/?s={search_term_string}"},"query-input":{"@type":"PropertyValueSpecification","valueRequired":true,"valueName":"search_term_string"}}],"inLanguage":"de"},{"@type":"Organization","@id":"https:\/\/flowfineart.com\/#organization","name":"FlowFineArt","url":"https:\/\/flowfineart.com\/","logo":{"@type":"ImageObject","inLanguage":"de","@id":"https:\/\/flowfineart.com\/#\/schema\/logo\/image\/","url":"https:\/\/mlqxxauroeer.i.optimole.com\/cb:8oVH.50809\/w:auto\/h:auto\/q:mauto\/f:avif\/https:\/\/flowfineart.com\/wp-content\/uploads\/2023\/08\/Flow-Fine-Art-Logo.png","contentUrl":"https:\/\/mlqxxauroeer.i.optimole.com\/cb:8oVH.50809\/w:auto\/h:auto\/q:mauto\/f:avif\/https:\/\/flowfineart.com\/wp-content\/uploads\/2023\/08\/Flow-Fine-Art-Logo.png","width":1228,"height":372,"caption":"FlowFineArt"},"image":{"@id":"https:\/\/flowfineart.com\/#\/schema\/logo\/image\/"}}]}},"_links":{"self":[{"href":"https:\/\/flowfineart.com\/de\/wp-json\/wp\/v2\/pages\/1800","targetHints":{"allow":["GET"]}}],"collection":[{"href":"https:\/\/flowfineart.com\/de\/wp-json\/wp\/v2\/pages"}],"about":[{"href":"https:\/\/flowfineart.com\/de\/wp-json\/wp\/v2\/types\/page"}],"author":[{"embeddable":true,"href":"https:\/\/flowfineart.com\/de\/wp-json\/wp\/v2\/users\/1"}],"replies":[{"embeddable":true,"href":"https:\/\/flowfineart.com\/de\/wp-json\/wp\/v2\/comments?post=1800"}],"version-history":[{"count":6,"href":"https:\/\/flowfineart.com\/de\/wp-json\/wp\/v2\/pages\/1800\/revisions"}],"predecessor-version":[{"id":3914,"href":"https:\/\/flowfineart.com\/de\/wp-json\/wp\/v2\/pages\/1800\/revisions\/3914"}],"wp:attachment":[{"href":"https:\/\/flowfineart.com\/de\/wp-json\/wp\/v2\/media?parent=1800"}],"curies":[{"name":"wp","href":"https:\/\/api.w.org\/{rel}","templated":true}]}}